{"id":13,"date":"2007-09-27T16:07:04","date_gmt":"2007-09-27T14:07:04","guid":{"rendered":"http:\/\/www.heartacrossamerica.ch\/de\/?page_id=13"},"modified":"2008-04-21T21:49:56","modified_gmt":"2008-04-21T19:49:56","slug":"sponsoren","status":"publish","type":"page","link":"https:\/\/www.heartacrossamerica.ch\/de\/?page_id=13","title":{"rendered":"Sponsoren"},"content":{"rendered":"<p><strong>Unterst\u00fctzung<\/strong><\/p>\n<p>Nat\u00fcrlich will ich hier an erster Stelle meine Familie und Freunde erw\u00e4hnen. W\u00e4hrend dieser nicht einfachen Zeit des Infarktes standen mir meine Familie und Freunde sehr nahe. Es hat wahnsinnig gut getan zu sp\u00fcren, dass man in solchen schwierigen Zeiten nicht alleine im Winde steht. Daf\u00fcr will ich Euch allen von ganzem Herzen danken! Diese Art von Unterst\u00fctzung ist unbezahlbar!<\/p>\n<p><strong>Partner &amp; Sponsoren<\/strong><\/p>\n<p><strong>\u00a0<\/strong><strong>Th\u00f6mus Bike<\/strong><\/p>\n<p>Mit einem Schweizer Produkt von Ost nach West! Soeben bin ich f\u00fcndig geworden und freue mich sehr, mit einem\u00a0<strong>Longrider<\/strong> von\u00a0Oberriet dieses Abenteur in Angriff zu nehmen. Zus\u00e4tzlich steht neu auch noch ein <strong>Lightrider<\/strong> in meiner Garage (sorry Auto)! Danke an die ganze Crew in Oberriet!!!!<\/p>\n<p><strong>Bus Sport AG<\/strong>\u00a0<\/p>\n<p>Ich arbeite nun bereits zehn Jahre f\u00fcr die Bus Sport AG. Um \u00fcberhaupt die Idee von Heart Across America zum Projekt umwandeln zu k\u00f6nnen, bedurfte es ein Time Out von \u00fcber zwei Monaten von meinem Arbeitsplatz. Erich und Roli, grossen Dank an Euch f\u00fcr die vielseitige Unterst\u00fczung meines Projektes!<\/p>\n<p><strong>Northwave<\/strong><\/p>\n<p>Seit vielen Jahren bike ich nun mit Boots und Kleidern von Northwave. Nat\u00fcrlich werde ich auch mit dieser Marke von der Ostk\u00fcste an die Westk\u00fcste pedalen! Danke an Alessandro, Luca, Michele, Nicola und die ganze Gang in Monte Belluna!<\/p>\n<p><strong>Smith \/ Carrera<\/strong><\/p>\n<p>Von Smith f\u00fcr Schmid! Seit kurzem wieder zur\u00fcck im Business\u00a0mit Marco und dabei super gesch\u00fctzt an Auge und Kopf! Grazie Millie!<\/p>\n<p><strong>Ortlieb \/ Exped<\/strong><\/p>\n<p>Vielen Dank dem Kurt von Exped\/Ortlieb f\u00fcr die grossartige Unterst\u00fctzung! Diese Ortlieb Taschen werden ganz bestimmt f\u00fcr ein sichere Aufbewahrung meiner Reiseuntensilien garantieren.<\/p>\n<p><strong>WinForce<\/strong><\/p>\n<p>Meine\u00a0Beine werden Dank WinForce unerm\u00fcdlich drehen wie ein Schweizer Uhrwerk!\u00a0<\/p>\n","protected":false},"excerpt":{"rendered":"<p>Unterst\u00fctzung Nat\u00fcrlich will ich hier an erster Stelle meine Familie und Freunde erw\u00e4hnen. W\u00e4hrend dieser nicht einfachen Zeit des Infarktes standen mir meine Familie und Freunde sehr nahe. Es hat wahnsinnig gut getan zu sp\u00fcren, dass man in solchen schwierigen Zeiten nicht alleine im Winde steht. Daf\u00fcr will ich Euch allen von ganzem Herzen danken! [&hellip;]<\/p>\n","protected":false},"author":2,"featured_media":0,"parent":0,"menu_order":0,"comment_status":"open","ping_status":"open","template":"","meta":{"footnotes":""},"class_list":["post-13","page","type-page","status-publish","hentry"],"_links":{"self":[{"href":"https:\/\/www.heartacrossamerica.ch\/de\/index.php?rest_route=\/wp\/v2\/pages\/13","targetHints":{"allow":["GET"]}}],"collection":[{"href":"https:\/\/www.heartacrossamerica.ch\/de\/index.php?rest_route=\/wp\/v2\/pages"}],"about":[{"href":"https:\/\/www.heartacrossamerica.ch\/de\/index.php?rest_route=\/wp\/v2\/types\/page"}],"author":[{"embeddable":true,"href":"https:\/\/www.heartacrossamerica.ch\/de\/index.php?rest_route=\/wp\/v2\/users\/2"}],"replies":[{"embeddable":true,"href":"https:\/\/www.heartacrossamerica.ch\/de\/index.php?rest_route=%2Fwp%2Fv2%2Fcomments&post=13"}],"version-history":[{"count":0,"href":"https:\/\/www.heartacrossamerica.ch\/de\/index.php?rest_route=\/wp\/v2\/pages\/13\/revisions"}],"wp:attachment":[{"href":"https:\/\/www.heartacrossamerica.ch\/de\/index.php?rest_route=%2Fwp%2Fv2%2Fmedia&parent=13"}],"curies":[{"name":"wp","href":"https:\/\/api.w.org\/{rel}","templated":true}]}}